{"id":41,"date":"2024-04-17T21:57:36","date_gmt":"2024-04-17T21:57:36","guid":{"rendered":"http:\/\/192.168.1.42\/emilie-gardet.fr\/?page_id=41"},"modified":"2024-05-13T11:08:10","modified_gmt":"2024-05-13T09:08:10","slug":"mentions-legales","status":"publish","type":"page","link":"https:\/\/emilie-gardet.fr\/?page_id=41","title":{"rendered":"Mentions l\u00e9gales"},"content":{"rendered":"\n<p><strong>1. Informations l\u00e9gales<\/strong><\/p>\n\n\n\n<p>Ce site est \u00e9dit\u00e9 par<strong>&nbsp;Atelier Emilie GARDET<\/strong>, domicili\u00e9 \u00e0 Gemeaux, immatricul\u00e9 sous le num\u00e9ro SIRET 849 343 611.<\/p>\n\n\n\n<p><strong>Adresse e-mail :<\/strong>&nbsp;contact@emilie-gardet.fr<\/p>\n\n\n\n<p><strong>Directeur de la publication :<\/strong>&nbsp;Emilie Gardet<\/p>\n\n\n\n<p><strong>2. H\u00e9bergement<\/strong><\/p>\n\n\n\n<p>Ce site est h\u00e9berg\u00e9 par Emilie GARDET, dont le si\u00e8ge social est situ\u00e9 \u00e0 Gemeaux, et joignable au m\u00eame num\u00e9ro.<\/p>\n\n\n\n<p><strong>3. Propri\u00e9t\u00e9 intellectuelle<\/strong><\/p>\n\n\n\n<p>Tous les \u00e9l\u00e9ments constituant ce site (textes, images, graphismes, logos, etc.) sont la propri\u00e9t\u00e9 exclusive de Atelier Emilie GARDET ou de tiers ayant autoris\u00e9 leur utilisation. Toute reproduction, repr\u00e9sentation, modification, publication, transmission ou d\u00e9naturation, totale ou partielle, du site ou de son contenu, par quelque proc\u00e9d\u00e9 que ce soit, et sur quelque support que ce soit, est interdite, sauf autorisation expresse et pr\u00e9alable de Atelier Emilie GARDET.<\/p>\n\n\n\n<p><strong>4. Protection des donn\u00e9es personnelles<\/strong><\/p>\n\n\n\n<p>Les informations personnelles collect\u00e9es sur ce site sont destin\u00e9es \u00e0 Atelier Emilie GARDET et ne seront utilis\u00e9es que dans le cadre des services propos\u00e9s sur le site. Conform\u00e9ment \u00e0 la loi \u201cInformatique et Libert\u00e9s\u201d du 6 janvier 1978 modifi\u00e9e, vous disposez d\u2019un droit d\u2019acc\u00e8s, de modification et de suppression des donn\u00e9es qui vous concernent. Pour exercer ce droit, veuillez me contacter.<\/p>\n\n\n\n<p><strong>5. Cookies<\/strong><\/p>\n\n\n\n<p>Ce site utilise des cookies pour am\u00e9liorer votre exp\u00e9rience utilisateur. En naviguant sur ce site, vous consentez \u00e0 l\u2019utilisation de ces cookies conform\u00e9ment \u00e0 notre politique en mati\u00e8re de cookies.<\/p>\n\n\n\n<p><strong>6. Liens externes<\/strong><\/p>\n\n\n\n<p>Ce site peut contenir des liens vers d\u2019autres sites internet. Atelier Emilie GARDET ne saurait \u00eatre tenue responsable du contenu de ces sites ni des \u00e9ventuels dommages pouvant en d\u00e9couler.<\/p>\n\n\n\n<p><strong>7. Responsabilit\u00e9<\/strong><\/p>\n\n\n\n<p>Atelier Emilie GARDET s\u2019efforce de fournir des informations pr\u00e9cises et \u00e0 jour sur ce site, mais ne saurait garantir l\u2019exactitude et l\u2019exhaustivit\u00e9 de ces informations. En cons\u00e9quence, Atelier Emilie GARDET d\u00e9cline toute responsabilit\u00e9 en cas d\u2019\u00e9ventuelles impr\u00e9cisions, inexactitudes ou omissions portant sur les informations disponibles sur ce site.<\/p>\n\n\n\n<p><strong>8. Droit applicable et juridiction comp\u00e9tente<\/strong><\/p>\n\n\n\n<p>Les pr\u00e9sentes mentions l\u00e9gales sont r\u00e9gies par le droit fran\u00e7ais. En cas de litige, les tribunaux fran\u00e7ais seront seuls comp\u00e9tents.<\/p>\n\n\n\n<p><strong>9. Date de derni\u00e8re mise \u00e0 jour des mentions l\u00e9gales<\/strong><\/p>\n\n\n\n<p>Les pr\u00e9sentes mentions l\u00e9gales ont \u00e9t\u00e9 mises \u00e0 jour le 13 mai 2024.<\/p>\n\n\n\n<p><strong>10. Modifications des mentions l\u00e9gales<\/strong><\/p>\n\n\n\n<p>L\u2019\u00e9diteur du site se r\u00e9serve le droit de modifier les pr\u00e9sentes mentions l\u00e9gales \u00e0 tout moment.<\/p>\n\n\n\n<p>Les modifications seront publi\u00e9es sur le site internet emilie-gardet.fr et seront applicables \u00e0 compter de leur publication.<\/p>\n","protected":false},"excerpt":{"rendered":"<p>1. Informations l\u00e9gales Ce site est \u00e9dit\u00e9 par&nbsp;Atelier Emilie GARDET, domicili\u00e9 \u00e0 Gemeaux, immatricul\u00e9 sous le num\u00e9ro SIRET 849 343 611. Adresse e-mail :&nbsp;contact@emilie-gardet.fr Directeur de la publication :&nbsp;Emilie Gardet 2. H\u00e9bergement Ce site est h\u00e9berg\u00e9 par Emilie GARDET, dont le si\u00e8ge social est situ\u00e9 \u00e0 Gemeaux, et joignable au m\u00eame num\u00e9ro. 3. Propri\u00e9t\u00e9 intellectuelle [&hellip;]<\/p>\n","protected":false},"author":1,"featured_media":885,"parent":0,"menu_order":0,"comment_status":"closed","ping_status":"closed","template":"","meta":{"footnotes":""},"class_list":["post-41","page","type-page","status-publish","has-post-thumbnail","hentry"],"_links":{"self":[{"href":"https:\/\/emilie-gardet.fr\/index.php?rest_route=\/wp\/v2\/pages\/41","targetHints":{"allow":["GET"]}}],"collection":[{"href":"https:\/\/emilie-gardet.fr\/index.php?rest_route=\/wp\/v2\/pages"}],"about":[{"href":"https:\/\/emilie-gardet.fr\/index.php?rest_route=\/wp\/v2\/types\/page"}],"author":[{"embeddable":true,"href":"https:\/\/emilie-gardet.fr\/index.php?rest_route=\/wp\/v2\/users\/1"}],"replies":[{"embeddable":true,"href":"https:\/\/emilie-gardet.fr\/index.php?rest_route=%2Fwp%2Fv2%2Fcomments&post=41"}],"version-history":[{"count":4,"href":"https:\/\/emilie-gardet.fr\/index.php?rest_route=\/wp\/v2\/pages\/41\/revisions"}],"predecessor-version":[{"id":1241,"href":"https:\/\/emilie-gardet.fr\/index.php?rest_route=\/wp\/v2\/pages\/41\/revisions\/1241"}],"wp:featuredmedia":[{"embeddable":true,"href":"https:\/\/emilie-gardet.fr\/index.php?rest_route=\/wp\/v2\/media\/885"}],"wp:attachment":[{"href":"https:\/\/emilie-gardet.fr\/index.php?rest_route=%2Fwp%2Fv2%2Fmedia&parent=41"}],"curies":[{"name":"wp","href":"https:\/\/api.w.org\/{rel}","templated":true}]}}