{"id":3,"date":"2024-04-12T10:05:59","date_gmt":"2024-04-12T10:05:59","guid":{"rendered":"http:\/\/192.168.1.101\/emilie-gardet.fr\/?page_id=3"},"modified":"2024-05-06T14:45:07","modified_gmt":"2024-05-06T12:45:07","slug":"privacy-policy","status":"publish","type":"page","link":"https:\/\/emilie-gardet.fr\/?page_id=3","title":{"rendered":"Politique de confidentialit\u00e9"},"content":{"rendered":"\n<p>Cette Politique de confidentialit\u00e9 d\u00e9crit la mani\u00e8re dont&nbsp;<strong>Atelier Emilie GARDET<\/strong>&nbsp;recueille, utilise et prot\u00e8ge les informations que vous nous fournissez lorsque vous utilisez ce site web, emilie-gardet.fr. Nous nous engageons \u00e0 prot\u00e9ger votre vie priv\u00e9e. Si nous vous demandons de fournir certaines informations permettant de vous identifier lors de l\u2019utilisation de ce site, soyez assur\u00e9 qu\u2019elles ne seront utilis\u00e9es que conform\u00e9ment \u00e0 cette politique de confidentialit\u00e9.<\/p>\n\n\n\n<div style=\"height:30px\" aria-hidden=\"true\" class=\"wp-block-spacer\"><\/div>\n\n\n\n<h3 class=\"wp-block-heading\"><strong>Collecte des informations<\/strong><\/h3>\n\n\n\n<div style=\"height:10px\" aria-hidden=\"true\" class=\"wp-block-spacer\"><\/div>\n\n\n\n<p>Nous pouvons collecter les informations suivantes :<\/p>\n\n\n\n<ul class=\"wp-block-list\">\n<li>Nom et pr\u00e9nom<\/li>\n\n\n\n<li>Adresse e-mail<\/li>\n\n\n\n<li>Informations de contact, y compris votre adresse postale<\/li>\n\n\n\n<li>Autres informations pertinentes pour les enqu\u00eates et\/ou les offres<\/li>\n<\/ul>\n\n\n\n<div style=\"height:30px\" aria-hidden=\"true\" class=\"wp-block-spacer\"><\/div>\n\n\n\n<h3 class=\"wp-block-heading\"><strong>Utilisation des informations collect\u00e9es<\/strong><\/h3>\n\n\n\n<div style=\"height:10px\" aria-hidden=\"true\" class=\"wp-block-spacer\"><\/div>\n\n\n\n<p>Nous avons besoin de ces informations pour comprendre vos besoins et vous fournir un meilleur service, et en particulier pour les raisons suivantes :<\/p>\n\n\n\n<ul class=\"wp-block-list\">\n<li>Tenue des registres internes.<\/li>\n\n\n\n<li>Am\u00e9lioration de nos produits et services.<\/li>\n\n\n\n<li>Envoi p\u00e9riodique d\u2019e-mails promotionnels concernant de nouveaux produits, offres sp\u00e9ciales ou autres informations susceptibles de vous int\u00e9resser, en utilisant l\u2019adresse e-mail que vous avez fournie.<\/li>\n<\/ul>\n\n\n\n<div style=\"height:30px\" aria-hidden=\"true\" class=\"wp-block-spacer\"><\/div>\n\n\n\n<h3 class=\"wp-block-heading\"><strong>S\u00e9curit\u00e9<\/strong><\/h3>\n\n\n\n<div style=\"height:10px\" aria-hidden=\"true\" class=\"wp-block-spacer\"><\/div>\n\n\n\n<p>Nous nous engageons \u00e0 assurer la s\u00e9curit\u00e9 de vos informations. Afin d\u2019emp\u00eacher tout acc\u00e8s ou divulgation non autoris\u00e9, nous avons mis en place des proc\u00e9dures physiques, \u00e9lectroniques et de gestion appropri\u00e9es pour prot\u00e9ger et s\u00e9curiser les informations que nous recueillons en ligne.<\/p>\n\n\n\n<div style=\"height:30px\" aria-hidden=\"true\" class=\"wp-block-spacer\"><\/div>\n\n\n\n<h3 class=\"wp-block-heading has-custom-color-1-color has-text-color has-link-color wp-elements-3927f49af91cc6c4ac3b891390fcf323\"><strong>Contr\u00f4le de vos informations personnelles<\/strong><\/h3>\n\n\n\n<div style=\"height:10px\" aria-hidden=\"true\" class=\"wp-block-spacer\"><\/div>\n\n\n\n<p>Vous pouvez choisir de limiter la collecte ou l\u2019utilisation de vos informations personnelles de la mani\u00e8re suivante :<\/p>\n\n\n\n<ul class=\"wp-block-list\">\n<li>Lorsqu\u2019on vous demande de remplir un formulaire sur le site, recherchez la case que vous pouvez cocher pour indiquer que vous ne voulez pas que l\u2019information soit utilis\u00e9e par quiconque \u00e0 des fins de marketing direct.<\/li>\n\n\n\n<li>Si vous avez pr\u00e9c\u00e9demment accept\u00e9 que nous utilisions vos informations personnelles \u00e0 des fins de marketing direct, vous pouvez changer d\u2019avis \u00e0 tout moment en nous \u00e9crivant via la page contact.<\/li>\n<\/ul>\n\n\n\n<p>Nous ne vendrons, distribuerons ou louerons jamais vos informations personnelles \u00e0 des tiers sans votre autorisation, sauf si nous sommes tenus par la loi de le faire.<\/p>\n\n\n\n<div style=\"height:30px\" aria-hidden=\"true\" class=\"wp-block-spacer\"><\/div>\n\n\n\n<h3 class=\"wp-block-heading has-custom-color-1-color has-text-color has-link-color wp-elements-fc7473a026cba0f9e55a0f586a6f898b\"><strong>Cookies<\/strong><\/h3>\n\n\n\n<div style=\"height:10px\" aria-hidden=\"true\" class=\"wp-block-spacer\"><\/div>\n\n\n\n<p>Un cookie est un petit fichier qui demande la permission d\u2019\u00eatre plac\u00e9 sur le disque dur de votre ordinateur. Une fois que vous \u00eates d\u2019accord, le fichier est ajout\u00e9 et le cookie permet d\u2019analyser le trafic web ou vous permet de savoir quand vous visitez un site particulier. Les cookies permettent aux applications web de vous r\u00e9pondre en tant qu\u2019individu. L\u2019application web peut adapter ses op\u00e9rations \u00e0 vos besoins, go\u00fbts et aversions en recueillant et en m\u00e9morisant des informations sur vos pr\u00e9f\u00e9rences.<\/p>\n\n\n\n<p>Nous utilisons des cookies de trafic pour identifier les pages utilis\u00e9es. Cela nous aide \u00e0 analyser les donn\u00e9es sur le trafic des pages web et \u00e0 am\u00e9liorer notre site web afin de l\u2019adapter aux besoins des clients. Nous utilisons ces informations uniquement \u00e0 des fins d\u2019analyse statistique, puis les donn\u00e9es sont supprim\u00e9es du syst\u00e8me.<\/p>\n\n\n\n<p>Globalement, les cookies nous aident \u00e0 vous fournir un meilleur site web en nous permettant de surveiller les pages que vous trouvez utiles et celles que vous ne trouvez pas utiles. Un cookie ne nous donne en aucun cas acc\u00e8s \u00e0 votre ordinateur ou \u00e0 des informations vous concernant, autres que les donn\u00e9es que vous choisissez de partager avec nous.<\/p>\n\n\n\n<p>Vous pouvez choisir d\u2019accepter ou de refuser les cookies. La plupart des navigateurs web acceptent automatiquement les cookies, mais vous pouvez g\u00e9n\u00e9ralement modifier les param\u00e8tres de votre navigateur pour refuser les cookies si vous le pr\u00e9f\u00e9rez. Cela peut vous emp\u00eacher de profiter pleinement du site.<\/p>\n\n\n\n<div style=\"height:30px\" aria-hidden=\"true\" class=\"wp-block-spacer\"><\/div>\n\n\n\n<h3 class=\"wp-block-heading has-custom-color-1-color has-text-color has-link-color wp-elements-571514f0e2dd60efcce95054b49def4d\"><strong>Liens vers d\u2019autres sites<\/strong><\/h3>\n\n\n\n<div style=\"height:10px\" aria-hidden=\"true\" class=\"wp-block-spacer\"><\/div>\n\n\n\n<p>Notre site web peut contenir des liens vers d\u2019autres sites d\u2019int\u00e9r\u00eat. Cependant, une fois que vous avez utilis\u00e9 ces liens pour quitter notre site, vous devez noter que nous n\u2019avons aucun contr\u00f4le sur cet autre site. Par cons\u00e9quent, nous ne pouvons \u00eatre responsables de la protection et de la confidentialit\u00e9 des informations que vous fournissez en visitant ces sites, et ces sites ne sont pas r\u00e9gis par cette d\u00e9claration de confidentialit\u00e9. Vous devez faire preuve de prudence et consulter la d\u00e9claration de confidentialit\u00e9 applicable au site en question.<\/p>\n\n\n\n<div style=\"height:30px\" aria-hidden=\"true\" class=\"wp-block-spacer\"><\/div>\n\n\n\n<h2 class=\"wp-block-heading has-custom-color-1-color has-text-color has-link-color has-medium-font-size wp-elements-7ac88bc77f4f00a69f16ba5120de729f\"><strong>Modification de notre politique de confidentialit\u00e9<\/strong><\/h2>\n\n\n\n<div style=\"height:10px\" aria-hidden=\"true\" class=\"wp-block-spacer\"><\/div>\n\n\n\n<p><strong>Atelier Emilie GARDET<\/strong>&nbsp;se r\u00e9serve le droit de modifier cette politique de confidentialit\u00e9 \u00e0 tout moment. Les modifications seront publi\u00e9es sur cette page.<\/p>\n","protected":false},"excerpt":{"rendered":"<p>Cette Politique de confidentialit\u00e9 d\u00e9crit la mani\u00e8re dont&nbsp;Atelier Emilie GARDET&nbsp;recueille, utilise et prot\u00e8ge les informations que vous nous fournissez lorsque vous utilisez ce site web, emilie-gardet.fr. Nous nous engageons \u00e0 prot\u00e9ger votre vie priv\u00e9e. Si nous vous demandons de fournir certaines informations permettant de vous identifier lors de l\u2019utilisation de ce site, soyez assur\u00e9 qu\u2019elles [&hellip;]<\/p>\n","protected":false},"author":1,"featured_media":884,"parent":0,"menu_order":0,"comment_status":"closed","ping_status":"open","template":"","meta":{"footnotes":""},"class_list":["post-3","page","type-page","status-publish","has-post-thumbnail","hentry"],"_links":{"self":[{"href":"https:\/\/emilie-gardet.fr\/index.php?rest_route=\/wp\/v2\/pages\/3","targetHints":{"allow":["GET"]}}],"collection":[{"href":"https:\/\/emilie-gardet.fr\/index.php?rest_route=\/wp\/v2\/pages"}],"about":[{"href":"https:\/\/emilie-gardet.fr\/index.php?rest_route=\/wp\/v2\/types\/page"}],"author":[{"embeddable":true,"href":"https:\/\/emilie-gardet.fr\/index.php?rest_route=\/wp\/v2\/users\/1"}],"replies":[{"embeddable":true,"href":"https:\/\/emilie-gardet.fr\/index.php?rest_route=%2Fwp%2Fv2%2Fcomments&post=3"}],"version-history":[{"count":5,"href":"https:\/\/emilie-gardet.fr\/index.php?rest_route=\/wp\/v2\/pages\/3\/revisions"}],"predecessor-version":[{"id":934,"href":"https:\/\/emilie-gardet.fr\/index.php?rest_route=\/wp\/v2\/pages\/3\/revisions\/934"}],"wp:featuredmedia":[{"embeddable":true,"href":"https:\/\/emilie-gardet.fr\/index.php?rest_route=\/wp\/v2\/media\/884"}],"wp:attachment":[{"href":"https:\/\/emilie-gardet.fr\/index.php?rest_route=%2Fwp%2Fv2%2Fmedia&parent=3"}],"curies":[{"name":"wp","href":"https:\/\/api.w.org\/{rel}","templated":true}]}}