{"id":1263,"date":"2024-05-19T22:52:51","date_gmt":"2024-05-19T20:52:51","guid":{"rendered":"https:\/\/emilie-gardet.fr\/?page_id=1263"},"modified":"2025-07-20T21:49:29","modified_gmt":"2025-07-20T19:49:29","slug":"portraits-test","status":"publish","type":"page","link":"https:\/\/emilie-gardet.fr\/?page_id=1263","title":{"rendered":"Id\u00e9es cadeaux 100 % personnalisable"},"content":{"rendered":"\n<p>Capturez l&rsquo;essence de vos moments avec mes portraits personnalis\u00e9s et affiches sur mesure.<\/p>\n\n\n\n<p class=\"has-custom-color-1-color has-text-color has-link-color wp-elements-01712137393d7b7746a3b1ac132909cc\"><strong>Transformez vos souvenirs en \u0153uvres d&rsquo;art uniques et intemporelles.<\/strong><\/p>\n\n\n\n<div style=\"height:38px\" aria-hidden=\"true\" class=\"wp-block-spacer\"><\/div>\n\n\n\n<figure class=\"wp-block-image size-large is-resized\"><img loading=\"lazy\" decoding=\"async\" width=\"1024\" height=\"1024\" src=\"https:\/\/emilie-gardet.fr\/wp-content\/uploads\/2024\/04\/COUPLE4-1024x1024.jpg\" alt=\"\" class=\"wp-image-145\" style=\"width:620px;height:auto\" srcset=\"https:\/\/emilie-gardet.fr\/wp-content\/uploads\/2024\/04\/COUPLE4-1024x1024.jpg 1024w, https:\/\/emilie-gardet.fr\/wp-content\/uploads\/2024\/04\/COUPLE4-scaled-1000x1000.jpg 1000w, https:\/\/emilie-gardet.fr\/wp-content\/uploads\/2024\/04\/COUPLE4-scaled-100x100.jpg 100w, https:\/\/emilie-gardet.fr\/wp-content\/uploads\/2024\/04\/COUPLE4-300x300.jpg 300w, https:\/\/emilie-gardet.fr\/wp-content\/uploads\/2024\/04\/COUPLE4-150x150.jpg 150w, https:\/\/emilie-gardet.fr\/wp-content\/uploads\/2024\/04\/COUPLE4-768x768.jpg 768w, https:\/\/emilie-gardet.fr\/wp-content\/uploads\/2024\/04\/COUPLE4-1536x1536.jpg 1536w, https:\/\/emilie-gardet.fr\/wp-content\/uploads\/2024\/04\/COUPLE4-2048x2048.jpg 2048w\" sizes=\"auto, (max-width: 1024px) 100vw, 1024px\" \/><\/figure>\n\n\n\n<div style=\"height:64px\" aria-hidden=\"true\" class=\"wp-block-spacer\"><\/div>\n\n\n\n<ul class=\"wp-block-list is-style-checkmark-list\">\n<li><strong>Premier contact : <\/strong><br>Nous organisons un premier contact pour \u00e9changer sur votre projet et conna\u00eetre vos besoins.<\/li>\n\n\n\n<li><strong>Photographie, r\u00e9f\u00e9rence :<\/strong><br>Envoi de quelques photos, d\u00e9tails importants pour personnaliser au maximum, accessoires que vous aimeriez voir sur votre illustration. Nous pouvons rajouter un d\u00e9cor, illustrer un moment de vie en particulier. Discutons ensemble de vos envies.<\/li>\n\n\n\n<li><strong>Cr\u00e9ation :<\/strong><br>C&rsquo;est parti ! je commence un brouillon apr\u00e8s avoir re\u00e7u votre paiement. Nous affinons ensemble l&rsquo;illustration et lorsque vous validez le brouillon, je commence les couleurs, ombrages et mise en lumi\u00e8re.<\/li>\n\n\n\n<li><strong>Finalisation : <\/strong><br>Validation de votre illustration et envoi du fichier haute qualit\u00e9 en pdf ou impression.<\/li>\n<\/ul>\n\n\n\n<div style=\"height:67px\" aria-hidden=\"true\" class=\"wp-block-spacer\"><\/div>\n\n\n\n<figure class=\"wp-block-image size-large\"><img loading=\"lazy\" decoding=\"async\" width=\"1024\" height=\"1024\" src=\"https:\/\/emilie-gardet.fr\/wp-content\/uploads\/2025\/07\/CADRE-LOHAN-1024x1024.jpg\" alt=\"\" class=\"wp-image-1562\" srcset=\"https:\/\/emilie-gardet.fr\/wp-content\/uploads\/2025\/07\/CADRE-LOHAN-1024x1024.jpg 1024w, https:\/\/emilie-gardet.fr\/wp-content\/uploads\/2025\/07\/CADRE-LOHAN-300x300.jpg 300w, https:\/\/emilie-gardet.fr\/wp-content\/uploads\/2025\/07\/CADRE-LOHAN-150x150.jpg 150w, https:\/\/emilie-gardet.fr\/wp-content\/uploads\/2025\/07\/CADRE-LOHAN-768x768.jpg 768w, https:\/\/emilie-gardet.fr\/wp-content\/uploads\/2025\/07\/CADRE-LOHAN-1536x1536.jpg 1536w, https:\/\/emilie-gardet.fr\/wp-content\/uploads\/2025\/07\/CADRE-LOHAN-2048x2048.jpg 2048w\" sizes=\"auto, (max-width: 1024px) 100vw, 1024px\" \/><\/figure>\n\n\n\n<div style=\"height:89px\" aria-hidden=\"true\" class=\"wp-block-spacer\"><\/div>\n\n\n\n<h2 class=\"wp-block-heading\">Id\u00e9es cadeaux Saint Valentin !!<\/h2>\n\n\n<div id=\"metaslider-id-799\" style=\"width: 100%; margin: 0 auto;\" class=\"ml-slider-3-107-0 metaslider metaslider-nivo metaslider-799 ml-slider ms-theme-nivo-light\" role=\"region\" aria-label=\"Nouveau diaporama\" data-height=\"500\" data-width=\"500\">\n    <div id=\"metaslider_container_799\">\n        <div class='slider-wrapper theme-default'><div class='ribbon'><\/div><div id='metaslider_799' class='nivoSlider'><img loading=\"lazy\" decoding=\"async\" width=\"2179\" height=\"1685\" src=\"https:\/\/emilie-gardet.fr\/wp-content\/uploads\/2024\/04\/boby.jpg\" class=\"slider-799 slide-801 msDefaultImage\" alt=\"\" data-caption=\"\" data-thumb=\"\" title=\"boby\" rel=\"\" srcset=\"https:\/\/emilie-gardet.fr\/wp-content\/uploads\/2024\/04\/boby.jpg 2179w, https:\/\/emilie-gardet.fr\/wp-content\/uploads\/2024\/04\/boby-1000x773.jpg 1000w, https:\/\/emilie-gardet.fr\/wp-content\/uploads\/2024\/04\/boby-300x232.jpg 300w, https:\/\/emilie-gardet.fr\/wp-content\/uploads\/2024\/04\/boby-1024x792.jpg 1024w, https:\/\/emilie-gardet.fr\/wp-content\/uploads\/2024\/04\/boby-768x594.jpg 768w, https:\/\/emilie-gardet.fr\/wp-content\/uploads\/2024\/04\/boby-1536x1188.jpg 1536w, https:\/\/emilie-gardet.fr\/wp-content\/uploads\/2024\/04\/boby-2048x1584.jpg 2048w, https:\/\/emilie-gardet.fr\/wp-content\/uploads\/2024\/04\/boby-1320x1021.jpg 1320w\" sizes=\"auto, (max-width: 2179px) 100vw, 2179px\" \/><img loading=\"lazy\" decoding=\"async\" width=\"2179\" height=\"1685\" src=\"https:\/\/emilie-gardet.fr\/wp-content\/uploads\/2024\/04\/boby3.jpg\" class=\"slider-799 slide-802 msDefaultImage\" alt=\"\" data-caption=\"\" data-thumb=\"\" title=\"boby3\" rel=\"\" srcset=\"https:\/\/emilie-gardet.fr\/wp-content\/uploads\/2024\/04\/boby3.jpg 2179w, https:\/\/emilie-gardet.fr\/wp-content\/uploads\/2024\/04\/boby3-1000x773.jpg 1000w, https:\/\/emilie-gardet.fr\/wp-content\/uploads\/2024\/04\/boby3-300x232.jpg 300w, https:\/\/emilie-gardet.fr\/wp-content\/uploads\/2024\/04\/boby3-1024x792.jpg 1024w, https:\/\/emilie-gardet.fr\/wp-content\/uploads\/2024\/04\/boby3-768x594.jpg 768w, https:\/\/emilie-gardet.fr\/wp-content\/uploads\/2024\/04\/boby3-1536x1188.jpg 1536w, https:\/\/emilie-gardet.fr\/wp-content\/uploads\/2024\/04\/boby3-2048x1584.jpg 2048w, https:\/\/emilie-gardet.fr\/wp-content\/uploads\/2024\/04\/boby3-1320x1021.jpg 1320w\" sizes=\"auto, (max-width: 2179px) 100vw, 2179px\" \/><img loading=\"lazy\" decoding=\"async\" width=\"2048\" height=\"1502\" src=\"https:\/\/emilie-gardet.fr\/wp-content\/uploads\/2025\/03\/Messenger_creation_996C56EE-D0B6-46A6-922A-5E73F9B706F3.jpeg\" class=\"slider-799 slide-1425 msDefaultImage\" alt=\"\" data-caption=\"\" data-thumb=\"\" title=\"Messenger_creation_996C56EE-D0B6-46A6-922A-5E73F9B706F3\" rel=\"\" srcset=\"https:\/\/emilie-gardet.fr\/wp-content\/uploads\/2025\/03\/Messenger_creation_996C56EE-D0B6-46A6-922A-5E73F9B706F3.jpeg 2048w, https:\/\/emilie-gardet.fr\/wp-content\/uploads\/2025\/03\/Messenger_creation_996C56EE-D0B6-46A6-922A-5E73F9B706F3-300x220.jpeg 300w, https:\/\/emilie-gardet.fr\/wp-content\/uploads\/2025\/03\/Messenger_creation_996C56EE-D0B6-46A6-922A-5E73F9B706F3-1024x751.jpeg 1024w, https:\/\/emilie-gardet.fr\/wp-content\/uploads\/2025\/03\/Messenger_creation_996C56EE-D0B6-46A6-922A-5E73F9B706F3-768x563.jpeg 768w, https:\/\/emilie-gardet.fr\/wp-content\/uploads\/2025\/03\/Messenger_creation_996C56EE-D0B6-46A6-922A-5E73F9B706F3-1536x1127.jpeg 1536w\" sizes=\"auto, (max-width: 2048px) 100vw, 2048px\" \/><img loading=\"lazy\" decoding=\"async\" width=\"2179\" height=\"1685\" src=\"https:\/\/emilie-gardet.fr\/wp-content\/uploads\/2024\/04\/boby2.jpg\" class=\"slider-799 slide-800 msDefaultImage\" alt=\"\" data-caption=\"\" data-thumb=\"\" title=\"boby2\" rel=\"\" srcset=\"https:\/\/emilie-gardet.fr\/wp-content\/uploads\/2024\/04\/boby2.jpg 2179w, https:\/\/emilie-gardet.fr\/wp-content\/uploads\/2024\/04\/boby2-1000x773.jpg 1000w, https:\/\/emilie-gardet.fr\/wp-content\/uploads\/2024\/04\/boby2-300x232.jpg 300w, https:\/\/emilie-gardet.fr\/wp-content\/uploads\/2024\/04\/boby2-1024x792.jpg 1024w, https:\/\/emilie-gardet.fr\/wp-content\/uploads\/2024\/04\/boby2-768x594.jpg 768w, https:\/\/emilie-gardet.fr\/wp-content\/uploads\/2024\/04\/boby2-1536x1188.jpg 1536w, https:\/\/emilie-gardet.fr\/wp-content\/uploads\/2024\/04\/boby2-2048x1584.jpg 2048w, https:\/\/emilie-gardet.fr\/wp-content\/uploads\/2024\/04\/boby2-1320x1021.jpg 1320w\" sizes=\"auto, (max-width: 2179px) 100vw, 2179px\" \/><\/div><\/div>\n        \n    <\/div>\n<\/div>\n\n\n<div style=\"height:66px\" aria-hidden=\"true\" class=\"wp-block-spacer\"><\/div>\n\n\n\n<figure class=\"wp-block-gallery has-nested-images columns-default is-cropped wp-block-gallery-1 is-layout-flex wp-block-gallery-is-layout-flex\">\n<figure class=\"wp-block-image size-large\"><img loading=\"lazy\" decoding=\"async\" width=\"768\" height=\"1024\" data-id=\"1273\" src=\"https:\/\/emilie-gardet.fr\/wp-content\/uploads\/2024\/05\/flamant-768x1024.jpg\" alt=\"\" class=\"wp-image-1273\" srcset=\"https:\/\/emilie-gardet.fr\/wp-content\/uploads\/2024\/05\/flamant-768x1024.jpg 768w, https:\/\/emilie-gardet.fr\/wp-content\/uploads\/2024\/05\/flamant-scaled-1000x1333.jpg 1000w, https:\/\/emilie-gardet.fr\/wp-content\/uploads\/2024\/05\/flamant-225x300.jpg 225w, https:\/\/emilie-gardet.fr\/wp-content\/uploads\/2024\/05\/flamant-1152x1536.jpg 1152w, https:\/\/emilie-gardet.fr\/wp-content\/uploads\/2024\/05\/flamant-1536x2048.jpg 1536w, https:\/\/emilie-gardet.fr\/wp-content\/uploads\/2024\/05\/flamant-scaled.jpg 1920w\" sizes=\"auto, (max-width: 768px) 100vw, 768px\" \/><\/figure>\n\n\n\n<figure class=\"wp-block-image size-large\"><img loading=\"lazy\" decoding=\"async\" width=\"768\" height=\"1024\" data-id=\"1272\" src=\"https:\/\/emilie-gardet.fr\/wp-content\/uploads\/2024\/05\/anais-768x1024.jpg\" alt=\"\" class=\"wp-image-1272\" srcset=\"https:\/\/emilie-gardet.fr\/wp-content\/uploads\/2024\/05\/anais-768x1024.jpg 768w, https:\/\/emilie-gardet.fr\/wp-content\/uploads\/2024\/05\/anais-scaled-1000x1333.jpg 1000w, https:\/\/emilie-gardet.fr\/wp-content\/uploads\/2024\/05\/anais-225x300.jpg 225w, https:\/\/emilie-gardet.fr\/wp-content\/uploads\/2024\/05\/anais-1152x1536.jpg 1152w, https:\/\/emilie-gardet.fr\/wp-content\/uploads\/2024\/05\/anais-1536x2048.jpg 1536w, https:\/\/emilie-gardet.fr\/wp-content\/uploads\/2024\/05\/anais-scaled.jpg 1920w\" sizes=\"auto, (max-width: 768px) 100vw, 768px\" \/><\/figure>\n\n\n\n<figure class=\"wp-block-image size-large\"><img loading=\"lazy\" decoding=\"async\" width=\"768\" height=\"1024\" data-id=\"1271\" src=\"https:\/\/emilie-gardet.fr\/wp-content\/uploads\/2024\/05\/rose-768x1024.jpg\" alt=\"\" class=\"wp-image-1271\" srcset=\"https:\/\/emilie-gardet.fr\/wp-content\/uploads\/2024\/05\/rose-768x1024.jpg 768w, https:\/\/emilie-gardet.fr\/wp-content\/uploads\/2024\/05\/rose-scaled-1000x1333.jpg 1000w, https:\/\/emilie-gardet.fr\/wp-content\/uploads\/2024\/05\/rose-225x300.jpg 225w, https:\/\/emilie-gardet.fr\/wp-content\/uploads\/2024\/05\/rose-1152x1536.jpg 1152w, https:\/\/emilie-gardet.fr\/wp-content\/uploads\/2024\/05\/rose-1536x2048.jpg 1536w, https:\/\/emilie-gardet.fr\/wp-content\/uploads\/2024\/05\/rose-scaled.jpg 1920w\" sizes=\"auto, (max-width: 768px) 100vw, 768px\" \/><\/figure>\n\n\n\n<figure class=\"wp-block-image size-large\"><img loading=\"lazy\" decoding=\"async\" width=\"683\" height=\"1024\" data-id=\"1269\" src=\"https:\/\/emilie-gardet.fr\/wp-content\/uploads\/2024\/05\/matthias-683x1024.jpg\" alt=\"\" class=\"wp-image-1269\" srcset=\"https:\/\/emilie-gardet.fr\/wp-content\/uploads\/2024\/05\/matthias-683x1024.jpg 683w, https:\/\/emilie-gardet.fr\/wp-content\/uploads\/2024\/05\/matthias-scaled-1000x1500.jpg 1000w, https:\/\/emilie-gardet.fr\/wp-content\/uploads\/2024\/05\/matthias-200x300.jpg 200w, https:\/\/emilie-gardet.fr\/wp-content\/uploads\/2024\/05\/matthias-768x1152.jpg 768w, https:\/\/emilie-gardet.fr\/wp-content\/uploads\/2024\/05\/matthias-1024x1536.jpg 1024w, https:\/\/emilie-gardet.fr\/wp-content\/uploads\/2024\/05\/matthias-1365x2048.jpg 1365w, https:\/\/emilie-gardet.fr\/wp-content\/uploads\/2024\/05\/matthias-scaled.jpg 1707w\" sizes=\"auto, (max-width: 683px) 100vw, 683px\" \/><\/figure>\n\n\n\n<figure class=\"wp-block-image size-large\"><img loading=\"lazy\" decoding=\"async\" width=\"768\" height=\"1024\" data-id=\"1268\" src=\"https:\/\/emilie-gardet.fr\/wp-content\/uploads\/2024\/05\/patou-768x1024.jpg\" alt=\"\" class=\"wp-image-1268\" srcset=\"https:\/\/emilie-gardet.fr\/wp-content\/uploads\/2024\/05\/patou-768x1024.jpg 768w, https:\/\/emilie-gardet.fr\/wp-content\/uploads\/2024\/05\/patou-scaled-1000x1333.jpg 1000w, https:\/\/emilie-gardet.fr\/wp-content\/uploads\/2024\/05\/patou-225x300.jpg 225w, https:\/\/emilie-gardet.fr\/wp-content\/uploads\/2024\/05\/patou-1152x1536.jpg 1152w, https:\/\/emilie-gardet.fr\/wp-content\/uploads\/2024\/05\/patou-1536x2048.jpg 1536w, https:\/\/emilie-gardet.fr\/wp-content\/uploads\/2024\/05\/patou-scaled.jpg 1920w\" sizes=\"auto, (max-width: 768px) 100vw, 768px\" \/><\/figure>\n<\/figure>\n","protected":false},"excerpt":{"rendered":"<p>Capturez l&rsquo;essence de vos moments avec mes portraits personnalis\u00e9s et affiches sur mesure. Transformez vos souvenirs en \u0153uvres d&rsquo;art uniques et intemporelles. Id\u00e9es cadeaux Saint Valentin !!<\/p>\n","protected":false},"author":1,"featured_media":1261,"parent":0,"menu_order":0,"comment_status":"closed","ping_status":"closed","template":"","meta":{"footnotes":""},"class_list":["post-1263","page","type-page","status-publish","has-post-thumbnail","hentry"],"_links":{"self":[{"href":"https:\/\/emilie-gardet.fr\/index.php?rest_route=\/wp\/v2\/pages\/1263","targetHints":{"allow":["GET"]}}],"collection":[{"href":"https:\/\/emilie-gardet.fr\/index.php?rest_route=\/wp\/v2\/pages"}],"about":[{"href":"https:\/\/emilie-gardet.fr\/index.php?rest_route=\/wp\/v2\/types\/page"}],"author":[{"embeddable":true,"href":"https:\/\/emilie-gardet.fr\/index.php?rest_route=\/wp\/v2\/users\/1"}],"replies":[{"embeddable":true,"href":"https:\/\/emilie-gardet.fr\/index.php?rest_route=%2Fwp%2Fv2%2Fcomments&post=1263"}],"version-history":[{"count":10,"href":"https:\/\/emilie-gardet.fr\/index.php?rest_route=\/wp\/v2\/pages\/1263\/revisions"}],"predecessor-version":[{"id":1563,"href":"https:\/\/emilie-gardet.fr\/index.php?rest_route=\/wp\/v2\/pages\/1263\/revisions\/1563"}],"wp:featuredmedia":[{"embeddable":true,"href":"https:\/\/emilie-gardet.fr\/index.php?rest_route=\/wp\/v2\/media\/1261"}],"wp:attachment":[{"href":"https:\/\/emilie-gardet.fr\/index.php?rest_route=%2Fwp%2Fv2%2Fmedia&parent=1263"}],"curies":[{"name":"wp","href":"https:\/\/api.w.org\/{rel}","templated":true}]}}